




























{"id":326,"date":"2024-07-25T03:13:44","date_gmt":"2024-07-25T03:13:44","guid":{"rendered":"http:\/\/localhost\/?page_id=326"},"modified":"2025-05-06T15:15:41","modified_gmt":"2025-05-06T08:15:41","slug":"testimonial","status":"publish","type":"page","link":"https:\/\/mavenweddingplanner.com\/en\/testimonial\/","title":{"rendered":"Testimonials"},"content":{"rendered":"","protected":false},"excerpt":{"rendered":"","protected":false},"author":1,"featured_media":0,"parent":0,"menu_order":0,"comment_status":"closed","ping_status":"closed","template":"templates\/testimonials.php","meta":{"_acf_changed":false,"footnotes":""},"class_list":["post-326","page","type-page","status-publish","hentry"],"acf":[],"yoast_head":"<!-- This site is optimized with the Yoast SEO plugin v24.2 - https:\/\/yoast.com\/wordpress\/plugins\/seo\/ -->\n<title>C\u1ea3m Nh\u1eadn Kh\u00e1ch H\u00e0ng | \u0110\u00e1nh Gi\u00e1 V\u1ec1 Maven Wedding Planner<\/title>\n<meta name=\"description\" content=\"Chia s\u1ebb v\u00e0 c\u1ea3m nh\u1eadn ch\u00e2n th\u1ef1c t\u1eeb c\u00e1c c\u1eb7p \u0111\u00f4i \u0111\u00e3 l\u1ef1a ch\u1ecdn Maven Wedding Planner cho ng\u00e0y tr\u1ecdng \u0111\u1ea1i. L\u00fd do kh\u00e1ch h\u00e0ng tin t\u01b0\u1edfng ch\u00fang t\u00f4i.\" \/>\n<meta name=\"robots\" content=\"index, follow, max-snippet:-1, max-image-preview:large, max-video-preview:-1\" \/>\n<link rel=\"canonical\" href=\"https:\/\/mavenweddingplanner.com\/en\/testimonial\/\" \/>\n<meta property=\"og:locale\" content=\"en_GB\" \/>\n<meta property=\"og:type\" content=\"article\" \/>\n<meta property=\"og:title\" content=\"C\u1ea3m Nh\u1eadn Kh\u00e1ch H\u00e0ng | \u0110\u00e1nh Gi\u00e1 V\u1ec1 Maven Wedding Planner\" \/>\n<meta property=\"og:description\" content=\"Chia s\u1ebb v\u00e0 c\u1ea3m nh\u1eadn ch\u00e2n th\u1ef1c t\u1eeb c\u00e1c c\u1eb7p \u0111\u00f4i \u0111\u00e3 l\u1ef1a ch\u1ecdn Maven Wedding Planner cho ng\u00e0y tr\u1ecdng \u0111\u1ea1i. L\u00fd do kh\u00e1ch h\u00e0ng tin t\u01b0\u1edfng ch\u00fang t\u00f4i.\" \/>\n<meta property=\"og:url\" content=\"https:\/\/mavenweddingplanner.com\/en\/testimonial\/\" \/>\n<meta property=\"og:site_name\" content=\"Maven Wedding Planner Hanoi\" \/>\n<meta property=\"article:publisher\" content=\"https:\/\/www.facebook.com\/mavenweddingplanner\" \/>\n<meta property=\"article:modified_time\" content=\"2025-05-06T08:15:41+00:00\" \/>\n<meta property=\"og:image\" content=\"https:\/\/mavenweddingplanner.com\/wp-content\/uploads\/2024\/09\/mavenweddingplanner_YenleSahin-46-2048x1366-1.jpg\" \/>\n\t<meta property=\"og:image:width\" content=\"2048\" \/>\n\t<meta property=\"og:image:height\" content=\"1366\" \/>\n\t<meta property=\"og:image:type\" content=\"image\/jpeg\" \/>\n<meta name=\"twitter:card\" content=\"summary_large_image\" \/>\n<script type=\"application\/ld+json\" class=\"yoast-schema-graph\">{\"@context\":\"https:\/\/schema.org\",\"@graph\":[{\"@type\":\"WebPage\",\"@id\":\"https:\/\/mavenweddingplanner.com\/testimonial\/\",\"url\":\"https:\/\/mavenweddingplanner.com\/testimonial\/\",\"name\":\"C\u1ea3m Nh\u1eadn Kh\u00e1ch H\u00e0ng | \u0110\u00e1nh Gi\u00e1 V\u1ec1 Maven Wedding Planner\",\"isPartOf\":{\"@id\":\"https:\/\/mavenweddingplanner.com\/#website\"},\"datePublished\":\"2024-07-25T03:13:44+00:00\",\"dateModified\":\"2025-05-06T08:15:41+00:00\",\"description\":\"Chia s\u1ebb v\u00e0 c\u1ea3m nh\u1eadn ch\u00e2n th\u1ef1c t\u1eeb c\u00e1c c\u1eb7p \u0111\u00f4i \u0111\u00e3 l\u1ef1a ch\u1ecdn Maven Wedding Planner cho ng\u00e0y tr\u1ecdng \u0111\u1ea1i. L\u00fd do kh\u00e1ch h\u00e0ng tin t\u01b0\u1edfng ch\u00fang t\u00f4i.\",\"breadcrumb\":{\"@id\":\"https:\/\/mavenweddingplanner.com\/testimonial\/#breadcrumb\"},\"inLanguage\":\"en-GB\",\"potentialAction\":[{\"@type\":\"ReadAction\",\"target\":[\"https:\/\/mavenweddingplanner.com\/testimonial\/\"]}]},{\"@type\":\"BreadcrumbList\",\"@id\":\"https:\/\/mavenweddingplanner.com\/testimonial\/#breadcrumb\",\"itemListElement\":[{\"@type\":\"ListItem\",\"position\":1,\"name\":\"Trang ch\u1ee7\",\"item\":\"https:\/\/mavenweddingplanner.com\/\"},{\"@type\":\"ListItem\",\"position\":2,\"name\":\"Testimonials\"}]},{\"@type\":\"WebSite\",\"@id\":\"https:\/\/mavenweddingplanner.com\/#website\",\"url\":\"https:\/\/mavenweddingplanner.com\/\",\"name\":\"Maven Wedding Planner Hanoi\",\"description\":\"D\u1ecbch v\u1ee5 Wedding Planning &amp; Coordination chuy\u00ean nghi\u1ec7p, s\u00e1ng t\u1ea1o t\u1ea1i Vi\u1ec7t Nam. C\u00f9ng ng\u00e0y tr\u1ecdng \u0111\u1ea1i c\u1ee7a b\u1ea1n th\u00e0nh k\u1ef7 ni\u1ec7m kh\u00f3 qu\u00ean.\",\"publisher\":{\"@id\":\"https:\/\/mavenweddingplanner.com\/#organization\"},\"alternateName\":\"Maven Wedding Planner Hanoi\",\"potentialAction\":[{\"@type\":\"SearchAction\",\"target\":{\"@type\":\"EntryPoint\",\"urlTemplate\":\"https:\/\/mavenweddingplanner.com\/?s={search_term_string}\"},\"query-input\":{\"@type\":\"PropertyValueSpecification\",\"valueRequired\":true,\"valueName\":\"search_term_string\"}}],\"inLanguage\":\"en-GB\"},{\"@type\":\"Organization\",\"@id\":\"https:\/\/mavenweddingplanner.com\/#organization\",\"name\":\"Maven Wedding Planner H\u00e0 N\u1ed9i\",\"alternateName\":\"Maven Wedding Planner\",\"url\":\"https:\/\/mavenweddingplanner.com\/\",\"logo\":{\"@type\":\"ImageObject\",\"inLanguage\":\"en-GB\",\"@id\":\"https:\/\/mavenweddingplanner.com\/#\/schema\/logo\/image\/\",\"url\":\"https:\/\/mavenweddingplanner.com\/wp-content\/uploads\/2024\/07\/Mask-group.svg\",\"contentUrl\":\"https:\/\/mavenweddingplanner.com\/wp-content\/uploads\/2024\/07\/Mask-group.svg\",\"width\":38,\"height\":38,\"caption\":\"Maven Wedding Planner H\u00e0 N\u1ed9i\"},\"image\":{\"@id\":\"https:\/\/mavenweddingplanner.com\/#\/schema\/logo\/image\/\"},\"sameAs\":[\"https:\/\/www.facebook.com\/mavenweddingplanner\",\"https:\/\/www.tiktok.com\/@mavenweddingplanner\",\"https:\/\/www.instagram.com\/maven.weddingplanner\/\",\"https:\/\/youtube.com\/@mavenweddingplanner\"]}]}<\/script>\n<!-- \/ Yoast SEO plugin. -->","yoast_head_json":{"title":"C\u1ea3m Nh\u1eadn Kh\u00e1ch H\u00e0ng | \u0110\u00e1nh Gi\u00e1 V\u1ec1 Maven Wedding Planner","description":"Chia s\u1ebb v\u00e0 c\u1ea3m nh\u1eadn ch\u00e2n th\u1ef1c t\u1eeb c\u00e1c c\u1eb7p \u0111\u00f4i \u0111\u00e3 l\u1ef1a ch\u1ecdn Maven Wedding Planner cho ng\u00e0y tr\u1ecdng \u0111\u1ea1i. L\u00fd do kh\u00e1ch h\u00e0ng tin t\u01b0\u1edfng ch\u00fang t\u00f4i.","robots":{"index":"index","follow":"follow","max-snippet":"max-snippet:-1","max-image-preview":"max-image-preview:large","max-video-preview":"max-video-preview:-1"},"canonical":"https:\/\/mavenweddingplanner.com\/en\/testimonial\/","og_locale":"en_GB","og_type":"article","og_title":"C\u1ea3m Nh\u1eadn Kh\u00e1ch H\u00e0ng | \u0110\u00e1nh Gi\u00e1 V\u1ec1 Maven Wedding Planner","og_description":"Chia s\u1ebb v\u00e0 c\u1ea3m nh\u1eadn ch\u00e2n th\u1ef1c t\u1eeb c\u00e1c c\u1eb7p \u0111\u00f4i \u0111\u00e3 l\u1ef1a ch\u1ecdn Maven Wedding Planner cho ng\u00e0y tr\u1ecdng \u0111\u1ea1i. L\u00fd do kh\u00e1ch h\u00e0ng tin t\u01b0\u1edfng ch\u00fang t\u00f4i.","og_url":"https:\/\/mavenweddingplanner.com\/en\/testimonial\/","og_site_name":"Maven Wedding Planner Hanoi","article_publisher":"https:\/\/www.facebook.com\/mavenweddingplanner","article_modified_time":"2025-05-06T08:15:41+00:00","og_image":[{"width":2048,"height":1366,"url":"https:\/\/mavenweddingplanner.com\/wp-content\/uploads\/2024\/09\/mavenweddingplanner_YenleSahin-46-2048x1366-1.jpg","type":"image\/jpeg"}],"twitter_card":"summary_large_image","schema":{"@context":"https:\/\/schema.org","@graph":[{"@type":"WebPage","@id":"https:\/\/mavenweddingplanner.com\/testimonial\/","url":"https:\/\/mavenweddingplanner.com\/testimonial\/","name":"C\u1ea3m Nh\u1eadn Kh\u00e1ch H\u00e0ng | \u0110\u00e1nh Gi\u00e1 V\u1ec1 Maven Wedding Planner","isPartOf":{"@id":"https:\/\/mavenweddingplanner.com\/#website"},"datePublished":"2024-07-25T03:13:44+00:00","dateModified":"2025-05-06T08:15:41+00:00","description":"Chia s\u1ebb v\u00e0 c\u1ea3m nh\u1eadn ch\u00e2n th\u1ef1c t\u1eeb c\u00e1c c\u1eb7p \u0111\u00f4i \u0111\u00e3 l\u1ef1a ch\u1ecdn Maven Wedding Planner cho ng\u00e0y tr\u1ecdng \u0111\u1ea1i. L\u00fd do kh\u00e1ch h\u00e0ng tin t\u01b0\u1edfng ch\u00fang t\u00f4i.","breadcrumb":{"@id":"https:\/\/mavenweddingplanner.com\/testimonial\/#breadcrumb"},"inLanguage":"en-GB","potentialAction":[{"@type":"ReadAction","target":["https:\/\/mavenweddingplanner.com\/testimonial\/"]}]},{"@type":"BreadcrumbList","@id":"https:\/\/mavenweddingplanner.com\/testimonial\/#breadcrumb","itemListElement":[{"@type":"ListItem","position":1,"name":"Trang ch\u1ee7","item":"https:\/\/mavenweddingplanner.com\/"},{"@type":"ListItem","position":2,"name":"Testimonials"}]},{"@type":"WebSite","@id":"https:\/\/mavenweddingplanner.com\/#website","url":"https:\/\/mavenweddingplanner.com\/","name":"Maven Wedding Planner Hanoi","description":"D\u1ecbch v\u1ee5 Wedding Planning &amp; Coordination chuy\u00ean nghi\u1ec7p, s\u00e1ng t\u1ea1o t\u1ea1i Vi\u1ec7t Nam. C\u00f9ng ng\u00e0y tr\u1ecdng \u0111\u1ea1i c\u1ee7a b\u1ea1n th\u00e0nh k\u1ef7 ni\u1ec7m kh\u00f3 qu\u00ean.","publisher":{"@id":"https:\/\/mavenweddingplanner.com\/#organization"},"alternateName":"Maven Wedding Planner Hanoi","potentialAction":[{"@type":"SearchAction","target":{"@type":"EntryPoint","urlTemplate":"https:\/\/mavenweddingplanner.com\/?s={search_term_string}"},"query-input":{"@type":"PropertyValueSpecification","valueRequired":true,"valueName":"search_term_string"}}],"inLanguage":"en-GB"},{"@type":"Organization","@id":"https:\/\/mavenweddingplanner.com\/#organization","name":"Maven Wedding Planner H\u00e0 N\u1ed9i","alternateName":"Maven Wedding Planner","url":"https:\/\/mavenweddingplanner.com\/","logo":{"@type":"ImageObject","inLanguage":"en-GB","@id":"https:\/\/mavenweddingplanner.com\/#\/schema\/logo\/image\/","url":"https:\/\/mavenweddingplanner.com\/wp-content\/uploads\/2024\/07\/Mask-group.svg","contentUrl":"https:\/\/mavenweddingplanner.com\/wp-content\/uploads\/2024\/07\/Mask-group.svg","width":38,"height":38,"caption":"Maven Wedding Planner H\u00e0 N\u1ed9i"},"image":{"@id":"https:\/\/mavenweddingplanner.com\/#\/schema\/logo\/image\/"},"sameAs":["https:\/\/www.facebook.com\/mavenweddingplanner","https:\/\/www.tiktok.com\/@mavenweddingplanner","https:\/\/www.instagram.com\/maven.weddingplanner\/","https:\/\/youtube.com\/@mavenweddingplanner"]}]}},"_links":{"self":[{"href":"https:\/\/mavenweddingplanner.com\/en\/wp-json\/wp\/v2\/pages\/326","targetHints":{"allow":["GET"]}}],"collection":[{"href":"https:\/\/mavenweddingplanner.com\/en\/wp-json\/wp\/v2\/pages"}],"about":[{"href":"https:\/\/mavenweddingplanner.com\/en\/wp-json\/wp\/v2\/types\/page"}],"author":[{"embeddable":true,"href":"https:\/\/mavenweddingplanner.com\/en\/wp-json\/wp\/v2\/users\/1"}],"replies":[{"embeddable":true,"href":"https:\/\/mavenweddingplanner.com\/en\/wp-json\/wp\/v2\/comments?post=326"}],"version-history":[{"count":3,"href":"https:\/\/mavenweddingplanner.com\/en\/wp-json\/wp\/v2\/pages\/326\/revisions"}],"predecessor-version":[{"id":713,"href":"https:\/\/mavenweddingplanner.com\/en\/wp-json\/wp\/v2\/pages\/326\/revisions\/713"}],"wp:attachment":[{"href":"https:\/\/mavenweddingplanner.com\/en\/wp-json\/wp\/v2\/media?parent=326"}],"curies":[{"name":"wp","href":"https:\/\/api.w.org\/{rel}","templated":true}]}}